{"id":17,"date":"2023-08-17T19:51:26","date_gmt":"2023-08-17T17:51:26","guid":{"rendered":"https:\/\/laboratoriodeforja.com\/?page_id=17"},"modified":"2025-02-18T13:14:47","modified_gmt":"2025-02-18T12:14:47","slug":"blog","status":"publish","type":"page","link":"https:\/\/laboratoriodeforja.com\/en\/blog\/","title":{"rendered":"BLOG"},"content":{"rendered":"<p>[et_pb_section fb_built=&#8221;1&#8243; admin_label=&#8221;Header&#8221; _builder_version=&#8221;4.23.1&#8243; _module_preset=&#8221;default&#8221; background_color=&#8221;#000000&#8243; background_image=&#8221;https:\/\/laboratoriodeforja.com\/wp-content\/uploads\/2023\/10\/menu-21-e1698407369760.jpg&#8221; locked=&#8221;off&#8221; collapsed=&#8221;off&#8221; global_colors_info=&#8221;{}&#8221;][et_pb_row _builder_version=&#8221;4.23.1&#8243; _module_preset=&#8221;default&#8221; background_color=&#8221;RGBA(255,255,255,0)&#8221; custom_padding=&#8221;5vh||5vh||true|false&#8221; global_colors_info=&#8221;{}&#8221;][et_pb_column type=&#8221;4_4&#8243; _builder_version=&#8221;4.17.0&#8243; _module_preset=&#8221;default&#8221; global_colors_info=&#8221;{}&#8221;][et_pb_text _builder_version=&#8221;4.23&#8243; _module_preset=&#8221;c16985e1-e0d6-4022-964d-e2bfc04fa633&#8243; text_font=&#8221;Abel|700|||||||&#8221; text_text_color=&#8221;#E02B20&#8243; text_font_size=&#8221;26px&#8221; header_font=&#8221;|800|||||||&#8221; header_text_align=&#8221;center&#8221; header_text_color=&#8221;#FFFFFF&#8221; header_font_size=&#8221;42px&#8221; header_line_height=&#8221;1.2em&#8221; header_2_text_align=&#8221;center&#8221; header_2_text_color=&#8221;#FFFFFF&#8221; text_orientation=&#8221;center&#8221; custom_margin=&#8221;||0px||false|false&#8221; custom_padding=&#8221;||21px|||&#8221; header_font_size_tablet=&#8221;40px&#8221; header_font_size_phone=&#8221;24px&#8221; header_font_size_last_edited=&#8221;on|phone&#8221; text_text_shadow_style=&#8221;preset3&#8243; text_text_shadow_color=&#8221;#000000&#8243; header_text_shadow_style=&#8221;preset4&#8243; header_text_shadow_horizontal_length=&#8221;0.08em&#8221; header_text_shadow_color=&#8221;#000000&#8243; global_colors_info=&#8221;{}&#8221;]<\/p>\n<h1><strong>BLOG DEL LABORATORIO DE FORJA<\/strong><\/h1>\n<p>[\/et_pb_text][et_pb_text _builder_version=&#8221;4.23&#8243; _module_preset=&#8221;c16985e1-e0d6-4022-964d-e2bfc04fa633&#8243; text_text_color=&#8221;#E02B20&#8243; header_font=&#8221;|700|||||||&#8221; header_text_align=&#8221;center&#8221; header_text_color=&#8221;#FFFFFF&#8221; header_font_size=&#8221;48px&#8221; header_line_height=&#8221;1.2em&#8221; header_2_font=&#8221;|800|||||||&#8221; header_2_text_align=&#8221;center&#8221; header_2_text_color=&#8221;#FFFFFF&#8221; header_2_font_size=&#8221;33px&#8221; background_layout=&#8221;dark&#8221; custom_margin=&#8221;||0px||false|false&#8221; header_font_size_tablet=&#8221;40px&#8221; header_font_size_phone=&#8221;24px&#8221; header_font_size_last_edited=&#8221;on|phone&#8221; text_text_shadow_style=&#8221;preset4&#8243; text_text_shadow_color=&#8221;#000000&#8243; header_text_shadow_style=&#8221;preset4&#8243; header_text_shadow_horizontal_length=&#8221;0.08em&#8221; header_text_shadow_color=&#8221;#000000&#8243; header_2_text_shadow_style=&#8221;preset4&#8243; header_2_text_shadow_horizontal_length=&#8221;0.08em&#8221; header_2_text_shadow_color=&#8221;#000000&#8243; global_colors_info=&#8221;{}&#8221;]<\/p>\n<h1>la ciencia de los materiales aplicada a la forja<\/h1>\n<h2>el acero y su tratamiento t\u00e9rmico<\/h2>\n<p>[\/et_pb_text][\/et_pb_column][\/et_pb_row][\/et_pb_section][et_pb_section fb_built=&#8221;1&#8243; admin_label=&#8221;Blog&#8221; _builder_version=&#8221;4.23.1&#8243; _module_preset=&#8221;default&#8221; background_color=&#8221;#000000&#8243; custom_padding=&#8221;54px|||||&#8221; locked=&#8221;off&#8221; collapsed=&#8221;off&#8221; global_colors_info=&#8221;{}&#8221;][et_pb_row _builder_version=&#8221;4.23&#8243; _module_preset=&#8221;default&#8221; custom_padding=&#8221;2px||0px|||&#8221; global_colors_info=&#8221;{}&#8221;][et_pb_column type=&#8221;4_4&#8243; _builder_version=&#8221;4.23&#8243; _module_preset=&#8221;default&#8221; global_colors_info=&#8221;{}&#8221;][et_pb_text _builder_version=&#8221;4.22.0&#8243; _module_preset=&#8221;c16985e1-e0d6-4022-964d-e2bfc04fa633&#8243; header_font=&#8221;|700|||||||&#8221; header_text_align=&#8221;center&#8221; header_text_color=&#8221;#FFFFFF&#8221; header_font_size=&#8221;42px&#8221; header_line_height=&#8221;1.2em&#8221; header_2_text_align=&#8221;center&#8221; header_2_text_color=&#8221;#FFFFFF&#8221; text_orientation=&#8221;center&#8221; background_layout=&#8221;dark&#8221; custom_margin=&#8221;30px||0px||false|false&#8221; custom_padding=&#8221;64px||53px|||&#8221; header_font_size_tablet=&#8221;40px&#8221; header_font_size_phone=&#8221;24px&#8221; header_font_size_last_edited=&#8221;on|phone&#8221; global_colors_info=&#8221;{}&#8221;]<\/p>\n<h2>Descubre los secretos del Acero.<\/h2>\n<p>[\/et_pb_text][et_pb_text _builder_version=&#8221;4.23&#8243; _module_preset=&#8221;default&#8221; custom_padding=&#8221;||0px|||&#8221; global_colors_info=&#8221;{}&#8221;]<\/p>\n<p style=\"text-align: center;\"><span style=\"color: #ffffff;\">Conocer y entender los materiales con los que trabajamos es fundamental al forjar o mecanizar una herramienta. Sin embargo, cobra a\u00fan mayor relevancia cuando buscamos modificar sus propiedades mec\u00e1nicas.<\/span><\/p>\n<p style=\"text-align: center;\"><span style=\"color: #ffffff;\"> A trav\u00e9s de los tratamientos t\u00e9rmicos, lograremos transformar un material inicialmente blando y maleable en uno resistente y duro.<\/span><\/p>\n<p>[\/et_pb_text][et_pb_divider color=&#8221;#E09900&#8243; _builder_version=&#8221;4.23&#8243; _module_preset=&#8221;default&#8221; custom_padding=&#8221;0px|||||&#8221; global_colors_info=&#8221;{}&#8221;][\/et_pb_divider][\/et_pb_column][\/et_pb_row][et_pb_row _builder_version=&#8221;4.23&#8243; _module_preset=&#8221;default&#8221; min_height=&#8221;103.2px&#8221; custom_padding=&#8221;0px||6px|||&#8221; global_colors_info=&#8221;{}&#8221;][et_pb_column type=&#8221;4_4&#8243; _builder_version=&#8221;4.23&#8243; _module_preset=&#8221;default&#8221; global_colors_info=&#8221;{}&#8221;][et_pb_text _builder_version=&#8221;4.23&#8243; _module_preset=&#8221;default&#8221; text_text_color=&#8221;#FFFFFF&#8221; global_colors_info=&#8221;{}&#8221;]<\/p>\n<p style=\"text-align: center;\"><span style=\"font-size: large; color: #e09900;\"><strong>\u00abLa teor\u00eda es cuando uno sabe todo y nada funciona, la pr\u00e1ctica es cuando todo funciona y nadie sabe por qu\u00e9\u00bb<\/strong><\/span><\/p>\n<p style=\"text-align: center;\"><em>Albert Einstein.<\/em><\/p>\n<p>[\/et_pb_text][et_pb_divider color=&#8221;#E09900&#8243; _builder_version=&#8221;4.23&#8243; _module_preset=&#8221;default&#8221; custom_padding=&#8221;0px|||||&#8221; global_colors_info=&#8221;{}&#8221;][\/et_pb_divider][\/et_pb_column][\/et_pb_row][et_pb_row _builder_version=&#8221;4.23&#8243; _module_preset=&#8221;default&#8221; custom_padding=&#8221;52px||6px|||&#8221; global_colors_info=&#8221;{}&#8221;][et_pb_column type=&#8221;4_4&#8243; _builder_version=&#8221;4.23&#8243; _module_preset=&#8221;default&#8221; global_colors_info=&#8221;{}&#8221;][et_pb_text _builder_version=&#8221;4.23.1&#8243; _module_preset=&#8221;default&#8221; global_colors_info=&#8221;{}&#8221;]<\/p>\n<h1 style=\"text-align: left;\"><a href=\"https:\/\/laboratoriodeforja.com\/blog\/metalurgia-fisica\/\"><span style=\"color: #ff9900;\">EL ACERO, Metalurgia F\u00edsica B\u00e1sica<\/span><\/a><\/h1>\n<p>[\/et_pb_text][et_pb_image src=&#8221;https:\/\/laboratoriodeforja.com\/wp-content\/uploads\/2024\/03\/1710521376396.jpg&#8221; alt=&#8221;Proceso afinado grano.&#8221; title_text=&#8221;Afinado de grano&#8221; url=&#8221;https:\/\/laboratoriodeforja.com\/blog\/metalurgia-fisica\/&#8221; _builder_version=&#8221;4.24.3&#8243; _module_preset=&#8221;default&#8221; global_colors_info=&#8221;{}&#8221;][\/et_pb_image][\/et_pb_column][\/et_pb_row][et_pb_row _builder_version=&#8221;4.24.3&#8243; _module_preset=&#8221;default&#8221; min_height=&#8221;758.9px&#8221; global_colors_info=&#8221;{}&#8221;][et_pb_column type=&#8221;4_4&#8243; _builder_version=&#8221;4.24.3&#8243; _module_preset=&#8221;default&#8221; global_colors_info=&#8221;{}&#8221;][et_pb_text _builder_version=&#8221;4.23.1&#8243; _module_preset=&#8221;default&#8221; global_colors_info=&#8221;{}&#8221;]<\/p>\n<h2><a href=\"https:\/\/laboratoriodeforja.com\/blog\/tratamientos-termicos\/\"><span style=\"color: #ff9900;\">TRATAMIENTO TERMICO DEL ACERO<\/span><\/a><\/h2>\n<p>[\/et_pb_text][et_pb_image src=&#8221;https:\/\/laboratoriodeforja.com\/wp-content\/uploads\/2023\/11\/20161206_131031.png&#8221; alt=&#8221;Grietas cuchillo temple&#8221; title_text=&#8221;Grietas temple cuchillo&#8221; url=&#8221;https:\/\/laboratoriodeforja.com\/blog\/tratamientos-termicos\/&#8221; use_overlay=&#8221;on&#8221; overlay_icon_color=&#8221;#FFFFFF&#8221; hover_overlay_color=&#8221;RGBA(224,145,0,0.28)&#8221; hover_icon=&#8221;&#xf6e3;||fa||900&#8243; force_fullwidth=&#8221;on&#8221; _builder_version=&#8221;4.27.4&#8243; _module_preset=&#8221;default&#8221; custom_margin=&#8221;39px|||||&#8221; global_colors_info=&#8221;{}&#8221;][\/et_pb_image][\/et_pb_column][\/et_pb_row][et_pb_row _builder_version=&#8221;4.24.3&#8243; _module_preset=&#8221;default&#8221; min_height=&#8221;923.1px&#8221; custom_margin=&#8221;|auto|-36px|auto||&#8221; custom_padding=&#8221;0px|||||&#8221; global_colors_info=&#8221;{}&#8221;][et_pb_column type=&#8221;4_4&#8243; _builder_version=&#8221;4.24.3&#8243; _module_preset=&#8221;default&#8221; global_colors_info=&#8221;{}&#8221;][et_pb_text _builder_version=&#8221;4.23.1&#8243; _module_preset=&#8221;default&#8221; custom_margin=&#8221;||2px|||&#8221; global_colors_info=&#8221;{}&#8221;]<\/p>\n<h2><a href=\"https:\/\/laboratoriodeforja.com\/nomenclador-de-aceros\"><span style=\"color: #ff9900;\">NOMENCLADOR DE ACEROS<\/span><\/a><\/h2>\n<p>[\/et_pb_text][et_pb_image src=&#8221;https:\/\/laboratoriodeforja.com\/wp-content\/uploads\/2023\/10\/nomenclador-de-aceros-scaled.jpg&#8221; alt=&#8221;Estructura acero&#8221; title_text=&#8221;nomenclador-de-aceros&#8221; url=&#8221;https:\/\/laboratoriodeforja.com\/nomenclador-de-aceros\/&#8221; use_overlay=&#8221;on&#8221; overlay_icon_color=&#8221;#FFFFFF&#8221; hover_overlay_color=&#8221;RGBA(224,145,0,0.28)&#8221; hover_icon=&#8221;&#xf6e3;||fa||900&#8243; force_fullwidth=&#8221;on&#8221; _builder_version=&#8221;4.24.3&#8243; _module_preset=&#8221;default&#8221; min_height=&#8221;280.1px&#8221; custom_margin=&#8221;50px||77px||false|false&#8221; global_colors_info=&#8221;{}&#8221;][\/et_pb_image][\/et_pb_column][\/et_pb_row][et_pb_row _builder_version=&#8221;4.24.3&#8243; _module_preset=&#8221;default&#8221; custom_padding=&#8221;11px|||||&#8221; global_colors_info=&#8221;{}&#8221;][et_pb_column type=&#8221;4_4&#8243; _builder_version=&#8221;4.24.3&#8243; _module_preset=&#8221;default&#8221; global_colors_info=&#8221;{}&#8221;][et_pb_text _builder_version=&#8221;4.23.1&#8243; _module_preset=&#8221;default&#8221; custom_padding=&#8221;||0px|||&#8221; global_colors_info=&#8221;{}&#8221;]<\/p>\n<h2><a href=\"https:\/\/laboratoriodeforja.com\/blog\/reciclando-aceros\/\"><span style=\"color: #ff9900;\">RECICLANDO ACEROS<\/span><\/a><\/h2>\n<p>[\/et_pb_text][et_pb_image src=&#8221;https:\/\/laboratoriodeforja.com\/wp-content\/uploads\/2023\/11\/images-1.jpeg&#8221; alt=&#8221;Reciclando aceros&#8221; title_text=&#8221;images (1)&#8221; url=&#8221;https:\/\/laboratoriodeforja.com\/blog\/reciclando-aceros\/&#8221; use_overlay=&#8221;on&#8221; overlay_icon_color=&#8221;#FFFFFF&#8221; hover_overlay_color=&#8221;rgba(224,145,0,0.28)&#8221; hover_icon=&#8221;&#xf6e3;||fa||900&#8243; force_fullwidth=&#8221;on&#8221; _builder_version=&#8221;4.27.4&#8243; _module_preset=&#8221;default&#8221; hover_enabled=&#8221;0&#8243; global_colors_info=&#8221;{}&#8221; sticky_enabled=&#8221;0&#8243;][\/et_pb_image][\/et_pb_column][\/et_pb_row][et_pb_row _builder_version=&#8221;4.23.1&#8243; _module_preset=&#8221;default&#8221; global_colors_info=&#8221;{}&#8221;][et_pb_column type=&#8221;4_4&#8243; _builder_version=&#8221;4.23.1&#8243; _module_preset=&#8221;default&#8221; global_colors_info=&#8221;{}&#8221;][et_pb_text _builder_version=&#8221;4.23.1&#8243; _module_preset=&#8221;default&#8221; global_colors_info=&#8221;{}&#8221;]<\/p>\n<h1 style=\"text-align: left;\"><span style=\"color: #ff9900;\">ULTIMAS ENTRADAS BLOG PREMIUM<\/span><\/h1>\n<p>[\/et_pb_text][et_pb_divider color=&#8221;#E09900&#8243; admin_label=&#8221;Separador&#8221; _builder_version=&#8221;4.23.1&#8243; _module_preset=&#8221;default&#8221; custom_margin=&#8221;||0px|||&#8221; global_colors_info=&#8221;{}&#8221;][\/et_pb_divider][et_pb_blog fullwidth=&#8221;off&#8221; posts_number=&#8221;5&#8243; include_categories=&#8221;48&#8243; show_more=&#8221;on&#8221; show_author=&#8221;off&#8221; show_date=&#8221;off&#8221; show_categories=&#8221;off&#8221; show_pagination=&#8221;off&#8221; use_overlay=&#8221;on&#8221; overlay_icon_color=&#8221;#FFFFFF&#8221; hover_overlay_color=&#8221;rgba(224,145,0,0.28)&#8221; hover_icon=&#8221;&#xf6e3;||fa||900&#8243; _builder_version=&#8221;4.23.1&#8243; _module_preset=&#8221;default&#8221; header_font=&#8221;Mukta|500|||||||&#8221; header_font_size=&#8221;19px&#8221; header_line_height=&#8221;1.4em&#8221; body_font=&#8221;Mukta|500|||||||&#8221; body_text_color=&#8221;rgba(0,0,0,0.6)&#8221; body_line_height=&#8221;1.4em&#8221; meta_font=&#8221;Mukta|500|||||||&#8221; meta_text_color=&#8221;#E09900&#8243; meta_line_height=&#8221;1.4em&#8221; read_more_font=&#8221;Mukta|500||on|||||&#8221; read_more_text_color=&#8221;#E09900&#8243; read_more_font_size=&#8221;16px&#8221; pagination_font=&#8221;Mukta|500||on|||||&#8221; pagination_text_color=&#8221;#E09900&#8243; pagination_font_size=&#8221;16px&#8221; global_colors_info=&#8221;{}&#8221;][\/et_pb_blog][\/et_pb_column][\/et_pb_row][et_pb_row admin_label=&#8221;NOMENCLADOR DE NUESTROS ACEROS&#8221; _builder_version=&#8221;4.27.4&#8243; _module_preset=&#8221;default&#8221; custom_padding=&#8221;0px||100px||false|false&#8221; global_module=&#8221;4634&#8243; saved_tabs=&#8221;all&#8221; global_colors_info=&#8221;{}&#8221;][et_pb_column type=&#8221;4_4&#8243; _builder_version=&#8221;4.17.0&#8243; _module_preset=&#8221;default&#8221; global_colors_info=&#8221;{}&#8221;][et_pb_text _builder_version=&#8221;4.23.1&#8243; _module_preset=&#8221;default&#8221; background_layout=&#8221;dark&#8221; custom_padding=&#8221;||3px|||&#8221; global_colors_info=&#8221;{}&#8221;]<\/p>\n<p style=\"text-align: center;\">\n<blockquote><\/blockquote>\n<p style=\"text-align: center;\"><span style=\"font-weight: 400;\">Para acceder al <strong>Blog <span style=\"color: #f2ee00;\">PREMIUM<\/span><\/strong>, con todo los art\u00edculos completos y gratuitos, suscr\u00edbete.<\/span><\/p>\n<blockquote><\/blockquote>\n<p style=\"text-align: center;\">En unos minutos, tendr\u00e1s acceso <strong>gratuito<\/strong> al <strong>Nuevo Blog<span style=\"color: #faff00;\"> PREMIUM<\/span><\/strong> de Laboratorio de Forja.<\/p>\n<p>[\/et_pb_text][et_pb_signup provider=&#8221;mailerlite&#8221; mailerlite_list=&#8221;laboratoriodeforjacom|108726188019549433&#8243; layout=&#8221;top_bottom&#8221; first_name_field=&#8221;off&#8221; last_name_field=&#8221;off&#8221; use_custom_fields=&#8221;on&#8221; success_message=&#8221;\u00a1IMPORTANTE!  Recibir\u00e1s el siguiente mensaje en tu  bandeja de entrada %22Confirmaci\u00f3n  -Laboratoriodeforja-%22. Es necesario que confirmes tu suscripci\u00f3n en ese mensaje para estar dentro. Puede que est\u00e9 en %22Carpeta de Spam%22 o %22Correo no deseado%22.&#8221; button_text=&#8221;CLICK AQU\u00cd&#8221; use_spam_service=&#8221;on&#8221; recaptcha_list=&#8221;laboratoriodeforjacom|laboratoriodeforjacom-0&#8243; _builder_version=&#8221;4.23.4&#8243; _module_preset=&#8221;default&#8221; form_field_background_color=&#8221;#FFFFFF&#8221; form_field_text_color=&#8221;#000000&#8243; form_field_focus_text_color=&#8221;#000000&#8243; header_level=&#8221;h3&#8243; header_font=&#8221;||||||||&#8221; header_text_align=&#8221;center&#8221; header_text_color=&#8221;#FFFFFF&#8221; header_font_size=&#8221;32px&#8221; body_font_size=&#8221;22px&#8221; result_message_font=&#8221;||||||||&#8221; result_message_text_color=&#8221;#E02B20&#8243; result_message_font_size=&#8221;35px&#8221; custom_button=&#8221;on&#8221; button_text_color=&#8221;#FFFFFF&#8221; button_bg_color=&#8221;#000000&#8243; button_border_width=&#8221;4px&#8221; button_border_color=&#8221;#FFFFFF&#8221; text_orientation=&#8221;center&#8221; custom_css_free_form=&#8221;.et_pb_contact_field_options_title {||  display: none;||}||.et_pb_contact_field_options_wrapper {||  font-size: 0.7em;||  text-align: left;||}&#8221; border_width_all=&#8221;1px&#8221; border_color_all=&#8221;#FFFFFF&#8221; border_width_all_fields=&#8221;1px&#8221; border_color_all_fields=&#8221;#000000&#8243; global_colors_info=&#8221;{}&#8221;][et_pb_signup_custom_field field_id=&#8221;acepto_la_politica_de_privacidad&#8221; field_title=&#8221;Acepto la pol\u00edtica de privacidad&#8221; field_type=&#8221;checkbox&#8221; checkbox_options=&#8221;%91{%22value%22:%22He le\u00eddo y acepto la %22,%22checked%22:0,%22dragID%22:-1,%22link_url%22:%22\/politica-privacidad\/%22,%22link_text%22:%22pol\u00edtica de privacidad%22}%93&#8243; _builder_version=&#8221;4.23&#8243; _module_preset=&#8221;default&#8221; global_colors_info=&#8221;{}&#8221; predefined_field=&#8221;acepto_la_politica_de_privacidad&#8221;][\/et_pb_signup_custom_field][\/et_pb_signup][\/et_pb_column][\/et_pb_row][\/et_pb_section]<\/p>\n","protected":false},"excerpt":{"rendered":"<p>BLOG DEL LABORATORIO DE FORJAla ciencia de los materiales aplicada a la forja el acero y su tratamiento t\u00e9rmicoDescubre los secretos del Acero.Conocer y entender los materiales con los que trabajamos es fundamental al forjar o mecanizar una herramienta. Sin embargo, cobra a\u00fan mayor relevancia cuando buscamos modificar sus propiedades mec\u00e1nicas. A trav\u00e9s de los [&hellip;]<\/p>\n","protected":false},"author":1,"featured_media":0,"parent":0,"menu_order":0,"comment_status":"closed","ping_status":"closed","template":"","meta":{"_et_pb_use_builder":"on","_et_pb_old_content":"","_et_gb_content_width":"","footnotes":""},"class_list":["post-17","page","type-page","status-publish","hentry"],"yoast_head":"<!-- This site is optimized with the Yoast SEO plugin v26.7 - https:\/\/yoast.com\/wordpress\/plugins\/seo\/ -->\n<title>BLOG - Laboratorio de Forja<\/title>\n<meta name=\"robots\" content=\"index, follow, max-snippet:-1, max-image-preview:large, max-video-preview:-1\" \/>\n<link rel=\"canonical\" href=\"https:\/\/laboratoriodeforja.com\/en\/blog\/\" \/>\n<meta property=\"og:locale\" content=\"en_US\" \/>\n<meta property=\"og:type\" content=\"article\" \/>\n<meta property=\"og:title\" content=\"BLOG - Laboratorio de Forja\" \/>\n<meta property=\"og:description\" content=\"BLOG DEL LABORATORIO DE FORJAla ciencia de los materiales aplicada a la forja el acero y su tratamiento t\u00e9rmicoDescubre los secretos del Acero.Conocer y entender los materiales con los que trabajamos es fundamental al forjar o mecanizar una herramienta. Sin embargo, cobra a\u00fan mayor relevancia cuando buscamos modificar sus propiedades mec\u00e1nicas. A trav\u00e9s de los [&hellip;]\" \/>\n<meta property=\"og:url\" content=\"https:\/\/laboratoriodeforja.com\/en\/blog\/\" \/>\n<meta property=\"og:site_name\" content=\"Laboratorio de Forja\" \/>\n<meta property=\"article:modified_time\" content=\"2025-02-18T12:14:47+00:00\" \/>\n<meta name=\"twitter:card\" content=\"summary_large_image\" \/>\n<meta name=\"twitter:label1\" content=\"Est. reading time\" \/>\n\t<meta name=\"twitter:data1\" content=\"4 minutes\" \/>\n<script type=\"application\/ld+json\" class=\"yoast-schema-graph\">{\"@context\":\"https:\/\/schema.org\",\"@graph\":[{\"@type\":\"WebPage\",\"@id\":\"https:\/\/laboratoriodeforja.com\/en\/blog\/\",\"url\":\"https:\/\/laboratoriodeforja.com\/en\/blog\/\",\"name\":\"BLOG - Laboratorio de Forja\",\"isPartOf\":{\"@id\":\"https:\/\/laboratoriodeforja.com\/en\/#website\"},\"datePublished\":\"2023-08-17T17:51:26+00:00\",\"dateModified\":\"2025-02-18T12:14:47+00:00\",\"breadcrumb\":{\"@id\":\"https:\/\/laboratoriodeforja.com\/en\/blog\/#breadcrumb\"},\"inLanguage\":\"en-US\",\"potentialAction\":[{\"@type\":\"ReadAction\",\"target\":[\"https:\/\/laboratoriodeforja.com\/en\/blog\/\"]}]},{\"@type\":\"BreadcrumbList\",\"@id\":\"https:\/\/laboratoriodeforja.com\/en\/blog\/#breadcrumb\",\"itemListElement\":[{\"@type\":\"ListItem\",\"position\":1,\"name\":\"Portada\",\"item\":\"https:\/\/laboratoriodeforja.com\/en\/\"},{\"@type\":\"ListItem\",\"position\":2,\"name\":\"BLOG\"}]},{\"@type\":\"WebSite\",\"@id\":\"https:\/\/laboratoriodeforja.com\/en\/#website\",\"url\":\"https:\/\/laboratoriodeforja.com\/en\/\",\"name\":\"Laboratorio de Forja\",\"description\":\"aparicio\",\"potentialAction\":[{\"@type\":\"SearchAction\",\"target\":{\"@type\":\"EntryPoint\",\"urlTemplate\":\"https:\/\/laboratoriodeforja.com\/en\/?s={search_term_string}\"},\"query-input\":{\"@type\":\"PropertyValueSpecification\",\"valueRequired\":true,\"valueName\":\"search_term_string\"}}],\"inLanguage\":\"en-US\"}]}<\/script>\n<!-- \/ Yoast SEO plugin. -->","yoast_head_json":{"title":"BLOG - Laboratorio de Forja","robots":{"index":"index","follow":"follow","max-snippet":"max-snippet:-1","max-image-preview":"max-image-preview:large","max-video-preview":"max-video-preview:-1"},"canonical":"https:\/\/laboratoriodeforja.com\/en\/blog\/","og_locale":"en_US","og_type":"article","og_title":"BLOG - Laboratorio de Forja","og_description":"BLOG DEL LABORATORIO DE FORJAla ciencia de los materiales aplicada a la forja el acero y su tratamiento t\u00e9rmicoDescubre los secretos del Acero.Conocer y entender los materiales con los que trabajamos es fundamental al forjar o mecanizar una herramienta. Sin embargo, cobra a\u00fan mayor relevancia cuando buscamos modificar sus propiedades mec\u00e1nicas. A trav\u00e9s de los [&hellip;]","og_url":"https:\/\/laboratoriodeforja.com\/en\/blog\/","og_site_name":"Laboratorio de Forja","article_modified_time":"2025-02-18T12:14:47+00:00","twitter_card":"summary_large_image","twitter_misc":{"Est. reading time":"4 minutes"},"schema":{"@context":"https:\/\/schema.org","@graph":[{"@type":"WebPage","@id":"https:\/\/laboratoriodeforja.com\/en\/blog\/","url":"https:\/\/laboratoriodeforja.com\/en\/blog\/","name":"BLOG - Laboratorio de Forja","isPartOf":{"@id":"https:\/\/laboratoriodeforja.com\/en\/#website"},"datePublished":"2023-08-17T17:51:26+00:00","dateModified":"2025-02-18T12:14:47+00:00","breadcrumb":{"@id":"https:\/\/laboratoriodeforja.com\/en\/blog\/#breadcrumb"},"inLanguage":"en-US","potentialAction":[{"@type":"ReadAction","target":["https:\/\/laboratoriodeforja.com\/en\/blog\/"]}]},{"@type":"BreadcrumbList","@id":"https:\/\/laboratoriodeforja.com\/en\/blog\/#breadcrumb","itemListElement":[{"@type":"ListItem","position":1,"name":"Portada","item":"https:\/\/laboratoriodeforja.com\/en\/"},{"@type":"ListItem","position":2,"name":"BLOG"}]},{"@type":"WebSite","@id":"https:\/\/laboratoriodeforja.com\/en\/#website","url":"https:\/\/laboratoriodeforja.com\/en\/","name":"Laboratorio de Forja","description":"aparicio","potentialAction":[{"@type":"SearchAction","target":{"@type":"EntryPoint","urlTemplate":"https:\/\/laboratoriodeforja.com\/en\/?s={search_term_string}"},"query-input":{"@type":"PropertyValueSpecification","valueRequired":true,"valueName":"search_term_string"}}],"inLanguage":"en-US"}]}},"_links":{"self":[{"href":"https:\/\/laboratoriodeforja.com\/en\/wp-json\/wp\/v2\/pages\/17","targetHints":{"allow":["GET"]}}],"collection":[{"href":"https:\/\/laboratoriodeforja.com\/en\/wp-json\/wp\/v2\/pages"}],"about":[{"href":"https:\/\/laboratoriodeforja.com\/en\/wp-json\/wp\/v2\/types\/page"}],"author":[{"embeddable":true,"href":"https:\/\/laboratoriodeforja.com\/en\/wp-json\/wp\/v2\/users\/1"}],"replies":[{"embeddable":true,"href":"https:\/\/laboratoriodeforja.com\/en\/wp-json\/wp\/v2\/comments?post=17"}],"version-history":[{"count":105,"href":"https:\/\/laboratoriodeforja.com\/en\/wp-json\/wp\/v2\/pages\/17\/revisions"}],"predecessor-version":[{"id":6814,"href":"https:\/\/laboratoriodeforja.com\/en\/wp-json\/wp\/v2\/pages\/17\/revisions\/6814"}],"wp:attachment":[{"href":"https:\/\/laboratoriodeforja.com\/en\/wp-json\/wp\/v2\/media?parent=17"}],"curies":[{"name":"wp","href":"https:\/\/api.w.org\/{rel}","templated":true}]}}