{"id":5971,"date":"2023-08-17T18:54:24","date_gmt":"2023-08-17T16:54:24","guid":{"rendered":"https:\/\/laboratoriodeforja.com\/?page_id=5971"},"modified":"2024-12-13T18:38:24","modified_gmt":"2024-12-13T17:38:24","slug":"privacy-policy","status":"publish","type":"page","link":"https:\/\/laboratoriodeforja.com\/en\/privacy-policy\/","title":{"rendered":"Privacy policy"},"content":{"rendered":"<p>[et_pb_section fb_built=&#8221;1&#8243; _builder_version=&#8221;4.16&#8243; global_colors_info=&#8221;{}&#8221;][et_pb_row _builder_version=&#8221;4.22.0&#8243; _module_preset=&#8221;default&#8221; global_colors_info=&#8221;{}&#8221;][et_pb_column type=&#8221;4_4&#8243; _builder_version=&#8221;4.22.0&#8243; _module_preset=&#8221;default&#8221; global_colors_info=&#8221;{}&#8221;][et_pb_text _builder_version=&#8221;4.22.0&#8243; _module_preset=&#8221;default&#8221; global_colors_info=&#8221;{}&#8221;]<\/p>\n<h2><span style=\"text-decoration: underline; color: #359aff;\"><a href=\"https:\/\/laboratoriodeforja.com\/\" title=\"Laboratorio de Forja\" style=\"color: #359aff; text-decoration: underline;\">www.laboratoriodeforja.com<\/a><\/span><\/h2>\n<p>[\/et_pb_text][\/et_pb_column][\/et_pb_row][et_pb_row _builder_version=&#8221;4.16&#8243; background_size=&#8221;initial&#8221; background_position=&#8221;top_left&#8221; background_repeat=&#8221;repeat&#8221; custom_padding=&#8221;51px|||||&#8221; global_colors_info=&#8221;{}&#8221;][et_pb_column type=&#8221;4_4&#8243; _builder_version=&#8221;4.16&#8243; custom_padding=&#8221;|||&#8221; global_colors_info=&#8221;{}&#8221; custom_padding__hover=&#8221;|||&#8221;][et_pb_text _builder_version=&#8221;4.22.0&#8243; background_size=&#8221;initial&#8221; background_position=&#8221;top_left&#8221; background_repeat=&#8221;repeat&#8221; custom_padding=&#8221;10px|||||&#8221; global_colors_info=&#8221;{}&#8221;]<!-- divi:heading --><\/p>\n<h3><strong>Privacy Policy of <em>Laboratorio de Forja<\/em><\/strong><\/h3>\n<p><em>Laboratorio de Forja<\/em> is committed to protecting its users&#8217; privacy and ensuring that personal information is handled with confidentiality, in accordance with the General Data Protection Regulation (GDPR) (EU Regulation 2016\/679) and Organic Law 3\/2018, of December 5, on Personal Data Protection and the guarantee of digital rights.<\/p>\n<hr \/>\n<h3><strong>Data Controller<\/strong><\/h3>\n<p>The entity responsible for processing personal data collected through the <em>Laboratorio de Forja<\/em> website is:<\/p>\n<ul>\n<li><strong>Name or Legal Entity<\/strong>: <em>Laboratorio de Forja<\/em><\/li>\n<li><strong>Address<\/strong>: Camino de Valdehornos s\/n \u2013 San Mart\u00edn de Valdeiglesias, Madrid, Spain<\/li>\n<li><strong>Email<\/strong>: <a href=\"mailto:aparicio@laboratoriodeforja.com\">aparicio@laboratoriodeforja.com<\/a><\/li>\n<\/ul>\n<hr \/>\n<h3><strong>Principles Applicable to Personal Data Processing<\/strong><\/h3>\n<p>Personal data processing on the <em>Laboratorio de Forja<\/em> website is conducted in accordance with the following principles, as outlined in Article 5 of the GDPR and Articles 4+ of Organic Law 3\/2018:<\/p>\n<ol>\n<li><strong>Lawfulness, Fairness, and Transparency<\/strong>: The user&#8217;s consent will be obtained, providing clear information about the purposes of data collection.<\/li>\n<li><strong>Purpose Limitation<\/strong>: Data will be collected for specific and legitimate purposes.<\/li>\n<li><strong>Data Minimization<\/strong>: Only the necessary data for the intended purposes will be collected.<\/li>\n<li><strong>Accuracy<\/strong>: Personal data will be kept accurate and updated.<\/li>\n<li><strong>Storage Limitation<\/strong>: Data will be kept only for as long as necessary to fulfill the purposes for which it was collected.<\/li>\n<li><strong>Integrity and Confidentiality<\/strong>: Appropriate security measures will be taken to protect data confidentiality.<\/li>\n<li><strong>Accountability<\/strong>: The Data Controller ensures compliance with these principles.<\/li>\n<\/ol>\n<hr \/>\n<h3><strong>Categories of Personal Data<\/strong><\/h3>\n<p><em>Laboratorio de Forja<\/em> only processes identifying data. It does not handle special categories of data, as defined in Article 9 of the GDPR.<\/p>\n<hr \/>\n<h3><strong>Legal Basis for Data Processing<\/strong><\/h3>\n<p>The legal basis for processing personal data is the <strong>user\u2019s consent<\/strong>. This consent is explicitly obtained and can be withdrawn at any time without affecting the user\u2019s experience on the website.<\/p>\n<p>When users provide their personal data through forms for inquiries or requests, they will be informed if there are mandatory fields necessary for the proper processing of their request.<\/p>\n<hr \/>\n<h3><strong>Purposes of Data Processing<\/strong><\/h3>\n<p>Personal data is collected for the following purposes:<\/p>\n<ul>\n<li>Fulfilling commitments between <em>Laboratorio de Forja<\/em> and the user.<\/li>\n<li>Commercial, operational, and statistical purposes.<\/li>\n<li>Personalization and improvement of content and user experience on the website.<\/li>\n<\/ul>\n<p>At the time of collection, users will be informed about the specific purposes for which their data is being processed.<\/p>\n<hr \/>\n<h3><strong>Data Retention Periods<\/strong><\/h3>\n<p>Data will be retained only for as long as necessary to fulfill the purposes of processing or until the user requests its deletion. Users will also be informed of the retention criteria at the time of data collection.<\/p>\n<hr \/>\n<h3><strong>Recipients of Personal Data<\/strong><\/h3>\n<p>Personal data will not be shared with third parties unless explicitly stated at the time of collection.<\/p>\n<hr \/>\n<h3><strong>Minors&#8217; Data<\/strong><\/h3>\n<p>In accordance with Article 8 of the GDPR and Organic Law 3\/2018, minors under 14 years old must obtain consent from their parents or guardians to process their data.<\/p>\n<hr \/>\n<h3><strong>Data Security and Confidentiality<\/strong><\/h3>\n<p><em>Laboratorio de Forja<\/em> implements technical and organizational measures to ensure data security. All data transmissions are protected with an SSL certificate. However, since online systems are not infallible, users will be informed of any potential security breaches that may pose a risk to their rights.<\/p>\n<hr \/>\n<h3><strong>Users&#8217; Rights<\/strong><\/h3>\n<p>Users can exercise their rights under the GDPR and Organic Law 3\/2018:<\/p>\n<ol>\n<li><strong>Right of Access<\/strong>: Obtain confirmation as to whether their data is being processed and access relevant information.<\/li>\n<li><strong>Right of Rectification<\/strong>: Correct inaccurate or incomplete data.<\/li>\n<li><strong>Right to Erasure (Right to be Forgotten)<\/strong>: Request the deletion of personal data under certain conditions.<\/li>\n<li><strong>Right to Restrict Processing<\/strong>: Temporarily limit the use of their data in certain cases.<\/li>\n<li><strong>Right to Data Portability<\/strong>: Obtain and transfer personal data to another data controller.<\/li>\n<li><strong>Right to Object<\/strong>: Object to the processing of their data.<\/li>\n<li><strong>Right Not to Be Subject to Automated Decisions<\/strong>: Exclude profiling or fully automated decisions unless legally required.<\/li>\n<\/ol>\n<p>To exercise these rights, users must submit a written request that includes:<\/p>\n<ul>\n<li>Full name and proof of identity.<\/li>\n<li>Address for notifications.<\/li>\n<li>Date and signature.<\/li>\n<li>Documentation supporting the request.<\/li>\n<\/ul>\n<p>Requests should be sent to:<\/p>\n<ul>\n<li>Address: Camino de Valdehornos s\/n \u2013 San Mart\u00edn de Valdeiglesias, Madrid, Spain<\/li>\n<li>Email: <a href=\"mailto:aparicio@laboratoriodeforja.com\">aparicio@laboratoriodeforja.com<\/a><\/li>\n<\/ul>\n<hr \/>\n<h3><strong>Links to Third-Party Websites<\/strong><\/h3>\n<p>The <em>Laboratorio de Forja<\/em> website may contain links to external websites. Third parties have their own privacy policies, and <em>Laboratorio de Forja<\/em> is not responsible for the practices of these sites.<\/p>\n<hr \/>\n<h3><strong>Complaints to the Supervisory Authority<\/strong><\/h3>\n<p>Users may file complaints with the relevant supervisory authority. In Spain, the competent authority is the <strong>Spanish Data Protection Agency (AEPD)<\/strong>: <a href=\"https:\/\/www.aepd.es\/\">https:\/\/www.aepd.es<\/a>.<\/p>\n<hr \/>\n<h3><strong>Acceptance and Modifications of this Policy<\/strong><\/h3>\n<p>By using the website, users accept this Privacy Policy. <em>Laboratorio de Forja<\/em> reserves the right to modify it due to legislative or operational changes. Users are encouraged to review this page periodically for possible updates.<\/p>\n<p>This policy complies with the GDPR (EU Regulation 2016\/679) and Organic Law 3\/2018 on Personal Data Protection.<\/p>\n<hr \/>\n<p>&nbsp;<\/p>\n<p>&nbsp;<\/p>\n<p>&nbsp;<\/p>\n<p><!-- \/divi:paragraph -->[\/et_pb_text][\/et_pb_column][\/et_pb_row][et_pb_row _builder_version=&#8221;4.22.0&#8243; _module_preset=&#8221;default&#8221; locked=&#8221;off&#8221; global_colors_info=&#8221;{}&#8221;][et_pb_column type=&#8221;4_4&#8243; _builder_version=&#8221;4.22.0&#8243; _module_preset=&#8221;default&#8221; global_colors_info=&#8221;{}&#8221;][et_pb_text _builder_version=&#8221;4.22.0&#8243; _module_preset=&#8221;default&#8221; custom_padding=&#8221;6px|||||&#8221; global_colors_info=&#8221;{}&#8221;]<\/p>\n<h2><span style=\"text-decoration: underline; color: #359aff;\"><a href=\"https:\/\/laboratoriodeforja.com\/\" title=\"Laboratorio de Forja\" style=\"color: #359aff; text-decoration: underline;\">www.laboratoriodeforja.com<\/a><\/span><\/h2>\n<p>[\/et_pb_text][\/et_pb_column][\/et_pb_row][\/et_pb_section]<\/p>\n","protected":false},"excerpt":{"rendered":"<p>www.laboratoriodeforja.com Privacy Policy of Laboratorio de Forja Laboratorio de Forja is committed to protecting its users&#8217; privacy and ensuring that personal information is handled with confidentiality, in accordance with the General Data Protection Regulation (GDPR) (EU Regulation 2016\/679) and Organic Law 3\/2018, of December 5, on Personal Data Protection and the guarantee of digital rights. [&hellip;]<\/p>\n","protected":false},"author":1,"featured_media":0,"parent":0,"menu_order":0,"comment_status":"closed","ping_status":"closed","template":"","meta":{"_et_pb_use_builder":"on","_et_pb_old_content":"<!-- wp:heading -->\r\n<h2 class=\"wp-block-heading\">Qui\u00e9nes somos<\/h2>\r\n<!-- \/wp:heading -->\r\n\r\n<!-- wp:paragraph -->\r\n<p><strong class=\"privacy-policy-tutorial\">Texto sugerido: <\/strong>La direcci\u00f3n de nuestra web es: https:\/\/laboratoriodeforja.com.<\/p>\r\n<!-- \/wp:paragraph -->\r\n\r\n<!-- wp:heading -->\r\n<h2 class=\"wp-block-heading\">Comentarios<\/h2>\r\n<!-- \/wp:heading -->\r\n\r\n<!-- wp:paragraph -->\r\n<p><strong class=\"privacy-policy-tutorial\">Texto sugerido: <\/strong>Cuando los visitantes dejan comentarios en la web, recopilamos los datos que se muestran en el formulario de comentarios, as\u00ed como la direcci\u00f3n IP del visitante y la cadena de agentes de usuario del navegador para ayudar a la detecci\u00f3n de spam.<\/p>\r\n<!-- \/wp:paragraph -->\r\n\r\n<!-- wp:paragraph -->\r\n<p>Una cadena an\u00f3nima creada a partir de tu direcci\u00f3n de correo electr\u00f3nico (tambi\u00e9n llamada hash) puede ser proporcionada al servicio de Gravatar para ver si la est\u00e1s usando. La pol\u00edtica de privacidad del servicio Gravatar est\u00e1 disponible aqu\u00ed: https:\/\/automattic.com\/privacy\/. Despu\u00e9s de la aprobaci\u00f3n de tu comentario, la imagen de tu perfil es visible para el p\u00fablico en el contexto de tu comentario.<\/p>\r\n<!-- \/wp:paragraph -->\r\n\r\n<!-- wp:heading -->\r\n<h2 class=\"wp-block-heading\">Medios<\/h2>\r\n<!-- \/wp:heading -->\r\n\r\n<!-- wp:paragraph -->\r\n<p><strong class=\"privacy-policy-tutorial\">Texto sugerido: <\/strong>Si subes im\u00e1genes a la web, deber\u00edas evitar subir im\u00e1genes con datos de ubicaci\u00f3n (GPS EXIF) incluidos. Los visitantes de la web pueden descargar y extraer cualquier dato de ubicaci\u00f3n de las im\u00e1genes de la web.<\/p>\r\n<!-- \/wp:paragraph -->\r\n\r\n<!-- wp:heading -->\r\n<h2 class=\"wp-block-heading\">Cookies<\/h2>\r\n<!-- \/wp:heading -->\r\n\r\n<!-- wp:paragraph -->\r\n<p><strong class=\"privacy-policy-tutorial\">Texto sugerido: <\/strong>Si dejas un comentario en nuestro sitio puedes elegir guardar tu nombre, direcci\u00f3n de correo electr\u00f3nico y web en cookies. Esto es para tu comodidad, para que no tengas que volver a rellenar tus datos cuando dejes otro comentario. Estas cookies tendr\u00e1n una duraci\u00f3n de un a\u00f1o.<\/p>\r\n<!-- \/wp:paragraph -->\r\n\r\n<!-- wp:paragraph -->\r\n<p>Si tienes una cuenta y te conectas a este sitio, instalaremos una cookie temporal para determinar si tu navegador acepta cookies. Esta cookie no contiene datos personales y se elimina al cerrar el navegador.<\/p>\r\n<!-- \/wp:paragraph -->\r\n\r\n<!-- wp:paragraph -->\r\n<p>Cuando accedas, tambi\u00e9n instalaremos varias cookies para guardar tu informaci\u00f3n de acceso y tus opciones de visualizaci\u00f3n de pantalla. Las cookies de acceso duran dos d\u00edas, y las cookies de opciones de pantalla duran un a\u00f1o. Si seleccionas \u00abRecu\u00e9rdarme\u00bb, tu acceso perdurar\u00e1 durante dos semanas. Si sales de tu cuenta, las cookies de acceso se eliminar\u00e1n.<\/p>\r\n<!-- \/wp:paragraph -->\r\n\r\n<!-- wp:paragraph -->\r\n<p>Si editas o publicas un art\u00edculo se guardar\u00e1 una cookie adicional en tu navegador. Esta cookie no incluye datos personales y simplemente indica el ID del art\u00edculo que acabas de editar. Caduca despu\u00e9s de 1 d\u00eda.<\/p>\r\n<!-- \/wp:paragraph -->\r\n\r\n<!-- wp:heading -->\r\n<h2 class=\"wp-block-heading\">Contenido incrustado de otros sitios web<\/h2>\r\n<!-- \/wp:heading -->\r\n\r\n<!-- wp:paragraph -->\r\n<p><strong class=\"privacy-policy-tutorial\">Texto sugerido: <\/strong>Los art\u00edculos de este sitio pueden incluir contenido incrustado (por ejemplo, v\u00eddeos, im\u00e1genes, art\u00edculos, etc.). El contenido incrustado de otras webs se comporta exactamente de la misma manera que si el visitante hubiera visitado la otra web.<\/p>\r\n<!-- \/wp:paragraph -->\r\n\r\n<!-- wp:paragraph -->\r\n<p>Estas web pueden recopilar datos sobre ti, utilizar cookies, incrustar un seguimiento adicional de terceros, y supervisar tu interacci\u00f3n con ese contenido incrustado, incluido el seguimiento de tu interacci\u00f3n con el contenido incrustado si tienes una cuenta y est\u00e1s conectado a esa web.<\/p>\r\n<!-- \/wp:paragraph -->\r\n\r\n<!-- wp:heading -->\r\n<h2 class=\"wp-block-heading\">Con qui\u00e9n compartimos tus datos<\/h2>\r\n<!-- \/wp:heading -->\r\n\r\n<!-- wp:paragraph -->\r\n<p><strong class=\"privacy-policy-tutorial\">Texto sugerido: <\/strong>Si solicitas un restablecimiento de contrase\u00f1a, tu direcci\u00f3n IP ser\u00e1 incluida en el correo electr\u00f3nico de restablecimiento.<\/p>\r\n<!-- \/wp:paragraph -->\r\n\r\n<!-- wp:heading -->\r\n<h2 class=\"wp-block-heading\">Cu\u00e1nto tiempo conservamos tus datos<\/h2>\r\n<!-- \/wp:heading -->\r\n\r\n<!-- wp:paragraph -->\r\n<p><strong class=\"privacy-policy-tutorial\">Texto sugerido: <\/strong>Si dejas un comentario, el comentario y sus metadatos se conservan indefinidamente. Esto es para que podamos reconocer y aprobar comentarios sucesivos autom\u00e1ticamente, en lugar de mantenerlos en una cola de moderaci\u00f3n.<\/p>\r\n<!-- \/wp:paragraph -->\r\n\r\n<!-- wp:paragraph -->\r\n<p>De los usuarios que se registran en nuestra web (si los hay), tambi\u00e9n almacenamos la informaci\u00f3n personal que proporcionan en su perfil de usuario. Todos los usuarios pueden ver, editar o eliminar su informaci\u00f3n personal en cualquier momento (excepto que no pueden cambiar su nombre de usuario). Los administradores de la web tambi\u00e9n pueden ver y editar esa informaci\u00f3n.<\/p>\r\n<!-- \/wp:paragraph -->\r\n\r\n<!-- wp:heading -->\r\n<h2 class=\"wp-block-heading\">Qu\u00e9 derechos tienes sobre tus datos<\/h2>\r\n<!-- \/wp:heading -->\r\n\r\n<!-- wp:paragraph -->\r\n<p><strong class=\"privacy-policy-tutorial\">Texto sugerido: <\/strong>Si tienes una cuenta o has dejado comentarios en esta web, puedes solicitar recibir un archivo de exportaci\u00f3n de los datos personales que tenemos sobre ti, incluyendo cualquier dato que nos hayas proporcionado. Tambi\u00e9n puedes solicitar que eliminemos cualquier dato personal que tengamos sobre ti. Esto no incluye ning\u00fan dato que estemos obligados a conservar con fines administrativos, legales o de seguridad.<\/p>\r\n<!-- \/wp:paragraph -->\r\n\r\n<!-- wp:heading -->\r\n<h2 class=\"wp-block-heading\">D\u00f3nde se env\u00edan tus datos<\/h2>\r\n<!-- \/wp:heading -->\r\n\r\n<!-- wp:paragraph -->\r\n<p><strong class=\"privacy-policy-tutorial\">Texto sugerido: <\/strong>Los comentarios de los visitantes puede que los revise un servicio de detecci\u00f3n autom\u00e1tica de spam.<\/p>\r\n<!-- \/wp:paragraph -->","_et_gb_content_width":"","footnotes":""},"class_list":["post-5971","page","type-page","status-publish","hentry"],"yoast_head":"<!-- This site is optimized with the Yoast SEO plugin v26.7 - https:\/\/yoast.com\/wordpress\/plugins\/seo\/ -->\n<title>Privacy policy - Laboratorio de Forja<\/title>\n<meta name=\"robots\" content=\"index, follow, max-snippet:-1, max-image-preview:large, max-video-preview:-1\" \/>\n<link rel=\"canonical\" href=\"https:\/\/laboratoriodeforja.com\/en\/privacy-policy\/\" \/>\n<meta property=\"og:locale\" content=\"en_US\" \/>\n<meta property=\"og:type\" content=\"article\" \/>\n<meta property=\"og:title\" content=\"Privacy policy - Laboratorio de Forja\" \/>\n<meta property=\"og:description\" content=\"www.laboratoriodeforja.com Privacy Policy of Laboratorio de Forja Laboratorio de Forja is committed to protecting its users&#039; privacy and ensuring that personal information is handled with confidentiality, in accordance with the General Data Protection Regulation (GDPR) (EU Regulation 2016\/679) and Organic Law 3\/2018, of December 5, on Personal Data Protection and the guarantee of digital rights. [&hellip;]\" \/>\n<meta property=\"og:url\" content=\"https:\/\/laboratoriodeforja.com\/en\/privacy-policy\/\" \/>\n<meta property=\"og:site_name\" content=\"Laboratorio de Forja\" \/>\n<meta property=\"article:modified_time\" content=\"2024-12-13T17:38:24+00:00\" \/>\n<meta name=\"twitter:card\" content=\"summary_large_image\" \/>\n<meta name=\"twitter:label1\" content=\"Est. reading time\" \/>\n\t<meta name=\"twitter:data1\" content=\"4 minutes\" \/>\n<script type=\"application\/ld+json\" class=\"yoast-schema-graph\">{\"@context\":\"https:\/\/schema.org\",\"@graph\":[{\"@type\":\"WebPage\",\"@id\":\"https:\/\/laboratoriodeforja.com\/en\/privacy-policy\/\",\"url\":\"https:\/\/laboratoriodeforja.com\/en\/privacy-policy\/\",\"name\":\"Privacy policy - Laboratorio de Forja\",\"isPartOf\":{\"@id\":\"https:\/\/laboratoriodeforja.com\/en\/#website\"},\"datePublished\":\"2023-08-17T16:54:24+00:00\",\"dateModified\":\"2024-12-13T17:38:24+00:00\",\"breadcrumb\":{\"@id\":\"https:\/\/laboratoriodeforja.com\/en\/privacy-policy\/#breadcrumb\"},\"inLanguage\":\"en-US\",\"potentialAction\":[{\"@type\":\"ReadAction\",\"target\":[\"https:\/\/laboratoriodeforja.com\/en\/privacy-policy\/\"]}]},{\"@type\":\"BreadcrumbList\",\"@id\":\"https:\/\/laboratoriodeforja.com\/en\/privacy-policy\/#breadcrumb\",\"itemListElement\":[{\"@type\":\"ListItem\",\"position\":1,\"name\":\"Portada\",\"item\":\"https:\/\/laboratoriodeforja.com\/en\/\"},{\"@type\":\"ListItem\",\"position\":2,\"name\":\"Privacy policy\"}]},{\"@type\":\"WebSite\",\"@id\":\"https:\/\/laboratoriodeforja.com\/en\/#website\",\"url\":\"https:\/\/laboratoriodeforja.com\/en\/\",\"name\":\"Laboratorio de Forja\",\"description\":\"aparicio\",\"potentialAction\":[{\"@type\":\"SearchAction\",\"target\":{\"@type\":\"EntryPoint\",\"urlTemplate\":\"https:\/\/laboratoriodeforja.com\/en\/?s={search_term_string}\"},\"query-input\":{\"@type\":\"PropertyValueSpecification\",\"valueRequired\":true,\"valueName\":\"search_term_string\"}}],\"inLanguage\":\"en-US\"}]}<\/script>\n<!-- \/ Yoast SEO plugin. -->","yoast_head_json":{"title":"Privacy policy - Laboratorio de Forja","robots":{"index":"index","follow":"follow","max-snippet":"max-snippet:-1","max-image-preview":"max-image-preview:large","max-video-preview":"max-video-preview:-1"},"canonical":"https:\/\/laboratoriodeforja.com\/en\/privacy-policy\/","og_locale":"en_US","og_type":"article","og_title":"Privacy policy - Laboratorio de Forja","og_description":"www.laboratoriodeforja.com Privacy Policy of Laboratorio de Forja Laboratorio de Forja is committed to protecting its users' privacy and ensuring that personal information is handled with confidentiality, in accordance with the General Data Protection Regulation (GDPR) (EU Regulation 2016\/679) and Organic Law 3\/2018, of December 5, on Personal Data Protection and the guarantee of digital rights. [&hellip;]","og_url":"https:\/\/laboratoriodeforja.com\/en\/privacy-policy\/","og_site_name":"Laboratorio de Forja","article_modified_time":"2024-12-13T17:38:24+00:00","twitter_card":"summary_large_image","twitter_misc":{"Est. reading time":"4 minutes"},"schema":{"@context":"https:\/\/schema.org","@graph":[{"@type":"WebPage","@id":"https:\/\/laboratoriodeforja.com\/en\/privacy-policy\/","url":"https:\/\/laboratoriodeforja.com\/en\/privacy-policy\/","name":"Privacy policy - Laboratorio de Forja","isPartOf":{"@id":"https:\/\/laboratoriodeforja.com\/en\/#website"},"datePublished":"2023-08-17T16:54:24+00:00","dateModified":"2024-12-13T17:38:24+00:00","breadcrumb":{"@id":"https:\/\/laboratoriodeforja.com\/en\/privacy-policy\/#breadcrumb"},"inLanguage":"en-US","potentialAction":[{"@type":"ReadAction","target":["https:\/\/laboratoriodeforja.com\/en\/privacy-policy\/"]}]},{"@type":"BreadcrumbList","@id":"https:\/\/laboratoriodeforja.com\/en\/privacy-policy\/#breadcrumb","itemListElement":[{"@type":"ListItem","position":1,"name":"Portada","item":"https:\/\/laboratoriodeforja.com\/en\/"},{"@type":"ListItem","position":2,"name":"Privacy policy"}]},{"@type":"WebSite","@id":"https:\/\/laboratoriodeforja.com\/en\/#website","url":"https:\/\/laboratoriodeforja.com\/en\/","name":"Laboratorio de Forja","description":"aparicio","potentialAction":[{"@type":"SearchAction","target":{"@type":"EntryPoint","urlTemplate":"https:\/\/laboratoriodeforja.com\/en\/?s={search_term_string}"},"query-input":{"@type":"PropertyValueSpecification","valueRequired":true,"valueName":"search_term_string"}}],"inLanguage":"en-US"}]}},"_links":{"self":[{"href":"https:\/\/laboratoriodeforja.com\/en\/wp-json\/wp\/v2\/pages\/5971","targetHints":{"allow":["GET"]}}],"collection":[{"href":"https:\/\/laboratoriodeforja.com\/en\/wp-json\/wp\/v2\/pages"}],"about":[{"href":"https:\/\/laboratoriodeforja.com\/en\/wp-json\/wp\/v2\/types\/page"}],"author":[{"embeddable":true,"href":"https:\/\/laboratoriodeforja.com\/en\/wp-json\/wp\/v2\/users\/1"}],"replies":[{"embeddable":true,"href":"https:\/\/laboratoriodeforja.com\/en\/wp-json\/wp\/v2\/comments?post=5971"}],"version-history":[{"count":5,"href":"https:\/\/laboratoriodeforja.com\/en\/wp-json\/wp\/v2\/pages\/5971\/revisions"}],"predecessor-version":[{"id":5983,"href":"https:\/\/laboratoriodeforja.com\/en\/wp-json\/wp\/v2\/pages\/5971\/revisions\/5983"}],"wp:attachment":[{"href":"https:\/\/laboratoriodeforja.com\/en\/wp-json\/wp\/v2\/media?parent=5971"}],"curies":[{"name":"wp","href":"https:\/\/api.w.org\/{rel}","templated":true}]}}